{"id":1359,"date":"2023-05-13T13:48:07","date_gmt":"2023-05-13T11:48:07","guid":{"rendered":"https:\/\/www.talblick.it\/?page_id=1359"},"modified":"2023-05-25T11:00:14","modified_gmt":"2023-05-25T09:00:14","slug":"tempo-libero","status":"publish","type":"page","link":"https:\/\/www.talblick.it\/it\/tempo-libero\/","title":{"rendered":"Tempo libero"},"content":{"rendered":"\n<div class=\"wp-block-cover alignfull is-light\"><span aria-hidden=\"true\" class=\"wp-block-cover__background has-background-dim-0 has-background-dim\"><\/span><img decoding=\"async\" loading=\"lazy\" width=\"2048\" height=\"1366\" class=\"wp-block-cover__image-background wp-image-1204\" alt=\"\" src=\"https:\/\/www.talblick.it\/wp-content\/uploads\/2023\/05\/20221006175343-_bp_410354_c_benjamin_pfitscher.jpg\" data-object-fit=\"cover\" srcset=\"https:\/\/www.talblick.it\/wp-content\/uploads\/2023\/05\/20221006175343-_bp_410354_c_benjamin_pfitscher.jpg 2048w, https:\/\/www.talblick.it\/wp-content\/uploads\/2023\/05\/20221006175343-_bp_410354_c_benjamin_pfitscher-600x400.jpg 600w, https:\/\/www.talblick.it\/wp-content\/uploads\/2023\/05\/20221006175343-_bp_410354_c_benjamin_pfitscher-1200x800.jpg 1200w, https:\/\/www.talblick.it\/wp-content\/uploads\/2023\/05\/20221006175343-_bp_410354_c_benjamin_pfitscher-768x512.jpg 768w, https:\/\/www.talblick.it\/wp-content\/uploads\/2023\/05\/20221006175343-_bp_410354_c_benjamin_pfitscher-1536x1025.jpg 1536w\" sizes=\"(max-width: 2048px) 100vw, 2048px\" \/><div class=\"wp-block-cover__inner-container is-layout-flow wp-block-cover-is-layout-flow\">\n<p class=\"has-text-align-center has-large-font-size\"><\/p>\n<\/div><\/div>\n\n\n\n<h1 class=\"wp-block-heading\">Tempo libero<\/h1>\n\n\n\n<h2 class=\"wp-block-heading\">Attivo e divertente a San Leonardo, l&#8217;apprezzata meta di vacanza in Alto Adige<\/h2>\n\n\n\n<p><strong>San Leonardo in Passiria<\/strong> \u00e8 una vivace localit\u00e0 di villeggiatura sul versante meridionale delle <strong>Alpi Venoste<\/strong>, a 690 m sul livello del mare e a soli 20 km dalla nota <strong>citt\u00e0 termale di Merano<\/strong>. Il villaggio offre una gamma quasi inesauribile di possibilit\u00e0 di sport e divertimento in ogni stagione. Le meravigliose passeggiate sul fondovalle e i sentieri di montagna che conducono alle regioni sommitali delle cime di tremila metri attirano <strong>escursionisti <\/strong>e <strong>alpinisti <\/strong>di ogni livello di esperienza.<\/p>\n\n\n\n<p>La natura incontaminata rende l&#8217;escursione un&#8217;esperienza impressionante. Il mix di relax, vicinanza alla natura e possibilit\u00e0 di fare attivit\u00e0 fisica rende la vacanza a St. Leonhard attraente per i turisti che non vogliono solo rilassarsi durante la loro vacanza.<\/p>\n\n\n\n<p>Il residence \u00e8 adatto anche per escursioni al di fuori dell&#8217;<strong>Alto Adige<\/strong>: il Lago di Garda e Venezia sono raggiungibili comodamente in auto e sono vere e proprie attrazioni da non perdere durante una vacanza nel nord Italia.<\/p>\n\n\n\n<h2 class=\"wp-block-heading\"><strong>Idilliaca Val Passiria<\/strong><\/h2>\n\n\n\n<p>Soprattutto per gli amanti della natura, una vacanza al Residence Talblick in Alto Adige \u00e8 un vero e proprio highlight. La Val Passiria \u00e8 considerata un&#8217;area ricca di bellezze naturali e ancora in gran parte incontaminata, una delle pi\u00f9 belle e interessanti dell&#8217;Alto Adige. Si va dai vigneti e frutteti del fondovalle fino ai terrazzamenti in pendenza, agli ampi pascoli alpini e alle alte montagne glaciali. Sono proprio questi contrasti a rendere la Val Passiria cos\u00ec speciale e a offrire una variet\u00e0 sufficiente e panorami insuperabili anche durante una vacanza pi\u00f9 lunga.<\/p>\n\n\n\n<hr class=\"wp-block-separator has-alpha-channel-opacity\"\/>\n\n\n\n<h3 class=\"wp-block-heading has-text-align-center\">Scoprite le vostre possibilit\u00e0 di vacanza<\/h3>\n\n\n\n<p class=\"has-text-align-center\"><strong>In Val Passiria e dintorni<\/strong><\/p>\n\n\n\n<p><\/p>\n\n\n\n\n\n\n\t\n\n\t\n\n\t\n\n\n<script>\n(function($) {\n\t$(document).ready( function() {\n  \n  \n\t\tvar buttonFilters = {};\n\t\tvar buttonFilter = '*';\n   \n    var grid=$('.slick-dimizu_postlist-block_062956e35bb8b68ea2128a07f439e4e3').imagesLoaded( function() {\n\n\t\t\n        grid.isotope({\n         itemSelector: '.dimizu_postlist_wrapper',\n         layoutMode: 'fitRows',\n          transitionDuration: '0.6s',\n        });\n\n\n        var items = grid.find('.dimizu_postlist_wrapper');\n        grid.addClass('is-showing-items').isotope( 'revealItemElements', items );\n\n\n        \/\/wenn lazie load verwendet wird (class='ll')\n        grid.on( 'arrangeComplete', function( event, filteredItems ) {\n          \/\/console.log( 'arrangeComplete with ' + filteredItems.length + ' items' );\n          $(window).scroll();\n        });\n\n\n        $('.filterGruppe').on( 'click', '.filterbtn', function() {\n          var buttonGroup = $(this).parents('.gruppefilterbtns');\n          var filterGroup = buttonGroup.attr('filter-gruppefilterbtns');\n          buttonFilters[ filterGroup ] = $(this).attr('data-filter');\n          buttonFilter = concatValues( buttonFilters ) || '*';\n\n\n\n          \/\/console.log( buttonFilters );\n          \/\/console.log( buttonFilter );\n          \/\/grid.isotope();\n        });\n        $('.gruppefilterbtns').each( function( i, buttonGroup ) {\n          var buttonGroup = $( buttonGroup );\n          buttonGroup.on( 'click', '.filterbtn', function() {\n            buttonGroup.find('.is-checked').removeClass('is-checked');\n            $(this).addClass('is-checked');\n          });\n        });\n\n\n        \/\/ Alphabetical sort\n        \/\/ Sort items alphabetically based on \n        var sortValue = false;\n        $('.sort').on('click', function(){\n            var currentHash = location.hash;\n            if ( $(this).hasClass('is-checked') ) {\n                sortValue = false;\n                location.hash = currentHash.replace( \/&sort=([^&]+)\/i, '');\n            } else {\n                sortValue = $(this).attr('data-sort-value');\n                location.hash = currentHash + '&sort=' + encodeURIComponent( sortValue );\n            }\n        });\n\n\n\n        var filters = {};\n        $( '.gruppefilterbtns button' ).on( 'click', filterSelect );\n\n        \/\/ Set the URI hash to the current selected filters\n        function filterSelect() {\n            var hashFilter = getHashFilter();\n            filters['fk1'] = hashFilter['fk1'];\n            filters['fk2'] = hashFilter['fk2'];\n            var currentFilter = $(this).attr('data-filter');\n            var navGroup = $(this).parents('.gruppefilterbtns');\n            var filterGroup = navGroup.attr('filter-gruppefilterbtns');\n\n            if ( currentFilter == hashFilter['fk1'] || currentFilter == hashFilter['fk2'] ) {\n                filters[ filterGroup ] = '*';\n            } else {\n                filters[ filterGroup ] = $(this).attr('data-filter');\n            }\n            \/\/console.log(filters['fk2']);\n            if (filters['fk2']) {\n              var newHash = 'fk1=' + encodeURIComponent( filters['fk1'] ) + '&fk2=' + encodeURIComponent( filters['fk2'] );\n            }\n            else {\n              var newHash = 'fk1=' + encodeURIComponent( filters['fk1'] ) ;\n            }\n\n\n            if ( sortValue ) {\n                newHash = newHash + '&sort=' + encodeURIComponent( sortValue );\n            }\n            location.hash = newHash;\n        } \n\n        function onHashChange() {\n\n            \/\/ Current hash value\n            var hashFilter = getHashFilter();\n            \/\/ Concatenate typ and ort for Isotope filtering\n            var theFilter = hashFilter['fk1'] + hashFilter['fk2'];\n\n            if ( hashFilter ) {\n                \/\/ Repaint Isotope container with current filters and sorts\n                grid.isotope({\n                    filter:  decodeURIComponent( theFilter ),\n                    sortBy: hashFilter['sorts']\n                } );\n\n                \/\/ Toggle is-checked status of sort button\n                if ( hashFilter['sorts'] ) {\n                    $('.sort').addClass('is-checked');\n                } else {\n                    $('.sort').removeClass('is-checked');\n                }\n                \/\/ Toggle is-checked status of filter buttons ssss\n                $( '.gruppefilterbtns' ).find('.is-checked').removeClass('is-checked');\n\n                $( '.gruppefilterbtns.fk1' ).find(\"[data-filter='\" + hashFilter[\"fk1\"] + \"']\").addClass('is-checked');\n                $( '.gruppefilterbtns.fk2' ).find(\"[data-filter='\" + hashFilter[\"fk2\"] + \"']\").addClass('is-checked');\n\n\n\n              var elems = grid.isotope('getItemElements');\n              var filteredElems = grid.isotope('getFilteredItemElements');\n\n\n\n              elems.forEach(function(item,index){\n                item.classList.remove('sichtbarVersetzt');\n\n              })\n\n              var count = 0;\n              filteredElems.forEach(function(item,index){\n                if ( count  % 3 == 1 ) item.classList.add('sichtbarVersetzt');\n                count++;\n\n              })  \n\n            }\n        } \/\/ onHahschange\n\n        function getHashFilter() {\n            \/\/ Get filters (matches) and sort order (sorts)\n            var fk1 = location.hash.match( \/fk1=([^&]+)\/i );\n            var fk2 = location.hash.match( \/fk2=([^&]+)\/i );\n            var sorts = location.hash.match( \/sort=([^&]+)\/i );\n\n            \/\/ Set up a hashFilter array\n            var hashFilter = {};\n            \/\/ Populate array with matches and sorts using ternary logic\n            hashFilter['fk1'] = fk1 ? fk1[1] : '*';\n            hashFilter['fk2'] = fk2 ? fk2[1] : '*';\n            hashFilter['sorts'] = sorts ? sorts[1]: '';\n\n            return hashFilter;\n        } \/\/ getHashFilter\n\n        \/\/ When the hash changes, run onHashchange\n        window.onhashchange = onHashChange;\n\n\n        \/\/ When the page loads for the first time, run onHashChange\n        onHashChange();\n\n\n        var initShow = 6; \/\/number of images loaded on init & onclick load more button\n        var iso = grid.data('isotope'); \/\/ get Isotope instance\n        var counter = initShow; \n\n        if($('a[href*=#load-more]').length) {\n          var loadmorelink = $('a[href*=#load-more]').attr('href');\n          var teile = loadmorelink.split('-');\n          initShow=parseInt(teile[2]);\n          counter = initShow; \/\/counter for load more button\n          \n\t\t      loadMore(initShow); \/\/if Button with #load-more exists then execute function onload\n        }\n        \n        function loadMore(toShow) {\n          grid.find('.hidden').removeClass('hidden');\n\n          var hiddenElems = iso.filteredItems.slice(toShow, iso.filteredItems.length).map(function(item) {\n            return item.element;\n          });\n          $(hiddenElems).addClass('hidden');\n          grid.isotope('layout');\n\n          \/\/when no more to load, hide show more button\n          if (hiddenElems.length == 0) {\n            $('#load-more').hide();\n          } \n          else {\n            $('#load-more').show();\n          };\n        }\n\n\n\n        $('a[href*=#load-more]').click(function() {\n          if ($('#filters').data('clicked')) {\n            \/\/when filter button clicked, set initial value for counter\n            counter = initShow;\n            j$('#filters').data('clicked', false);\n          } else {\n            counter = counter;\n          };\n\n          counter = counter + initShow;\n\n          loadMore(counter);\n        });\n\n\n\t\t\n\t\t}); \/\/ imagesLoaded\n\t\t\n\n     \n\t\t\n\t\t\n\t});  \/\/ ready\n})(jQuery);\n\n\nfunction concatValues( obj ) {\n\tvar value = '';\n\tfor ( var prop in obj ) {\n\t\tvalue += obj[ prop ];\n\t}\n\treturn value;\n}\n<\/script>\n\n\n\n<div id=\"dimizu_postlist-block_062956e35bb8b68ea2128a07f439e4e3\" class=\"dimizu_postlist Grid  \">\n\n\n<div class=\"slick-dimizu_postlist-block_062956e35bb8b68ea2128a07f439e4e3\">\n  \n  \n\n\t\n        <div class=\"dimizu_postlist_wrapper  \">\n          <a href=\"https:\/\/www.talblick.it\/it\/tempo-libero\/attivita-estive\/\">\n            \n        <img decoding=\"async\" src=\"https:\/\/www.talblick.it\/wp-content\/uploads\/2023\/05\/20160728090645-tvpass140262-1200x800.jpg\" alt=\"\">\n      \n            <div class=\"dimizu_postlist_caption\">\n              \n                  \n                  \n              <h3 class=\"entry-title card-title\">Attivit\u00e0 estive<\/h3>\n               \n              <p>Innumerevoli sentieri ben segnalati&nbsp;in ogni stagione&nbsp;dell\u2019 anno rappresentano&hellip;<\/p>\n              <button href=\"https:\/\/www.talblick.it\/it\/tempo-libero\/attivita-estive\/\" class=\"btn btn-primary\">mehr<\/button>\n            <\/div>\n          <\/a>\n        <\/div>\n      \n        <div class=\"dimizu_postlist_wrapper  \">\n          <a href=\"https:\/\/www.talblick.it\/it\/tempo-libero\/attivita-invernali\/\">\n            \n        <img decoding=\"async\" src=\"https:\/\/www.talblick.it\/wp-content\/uploads\/2023\/05\/20140212164133-DSC_0053-1200x800.jpg\" alt=\"\">\n      \n            <div class=\"dimizu_postlist_caption\">\n              \n                  \n                  \n              <h3 class=\"entry-title card-title\">Attivit\u00e0 invernali<\/h3>\n               \n              <p>La Val Passiria, ideale per la famiglia, sorge&hellip;<\/p>\n              <button href=\"https:\/\/www.talblick.it\/it\/tempo-libero\/attivita-invernali\/\" class=\"btn btn-primary\">mehr<\/button>\n            <\/div>\n          <\/a>\n        <\/div>\n      \n        <div class=\"dimizu_postlist_wrapper  \">\n          <a href=\"https:\/\/www.talblick.it\/it\/tempo-libero\/bambini\/\">\n            \n        <img decoding=\"async\" src=\"https:\/\/www.talblick.it\/wp-content\/uploads\/2023\/05\/20180812165018-_8120059-1200x800.jpg\" alt=\"\">\n      \n            <div class=\"dimizu_postlist_caption\">\n              \n                  \n                  \n              <h3 class=\"entry-title card-title\">Bambini<\/h3>\n               \n              <p>Estate<\/p>\n              <button href=\"https:\/\/www.talblick.it\/it\/tempo-libero\/bambini\/\" class=\"btn btn-primary\">mehr<\/button>\n            <\/div>\n          <\/a>\n        <\/div>\n      \n        <div class=\"dimizu_postlist_wrapper  \">\n          <a href=\"https:\/\/www.talblick.it\/it\/tempo-libero\/gustare\/\">\n            \n        <img decoding=\"async\" src=\"https:\/\/www.talblick.it\/wp-content\/uploads\/2023\/05\/20221006165249-_bp_409855_c_benjamin_pfitscher-1200x800.jpg\" alt=\"\">\n      \n            <div class=\"dimizu_postlist_caption\">\n              \n                  \n                  \n              <h3 class=\"entry-title card-title\">Gustare<\/h3>\n               \n              <p>In Val Passiria, la semplicit\u00e0 alpina e la&hellip;<\/p>\n              <button href=\"https:\/\/www.talblick.it\/it\/tempo-libero\/gustare\/\" class=\"btn btn-primary\">mehr<\/button>\n            <\/div>\n          <\/a>\n        <\/div>\n      \n        <div class=\"dimizu_postlist_wrapper  \">\n          <a href=\"https:\/\/www.talblick.it\/it\/tempo-libero\/wellness\/\">\n            \n        <img decoding=\"async\" src=\"https:\/\/www.talblick.it\/wp-content\/uploads\/2023\/05\/20161213091630-_DSC4182-1200x802.jpg\" alt=\"\">\n      \n            <div class=\"dimizu_postlist_caption\">\n              \n                  \n                  \n              <h3 class=\"entry-title card-title\">Wellness<\/h3>\n               \n              <p>L&#8217;ospite viene adagiato nel fieno di montagna caldo&hellip;<\/p>\n              <button href=\"https:\/\/www.talblick.it\/it\/tempo-libero\/wellness\/\" class=\"btn btn-primary\">mehr<\/button>\n            <\/div>\n          <\/a>\n        <\/div>\n      \n        <div class=\"dimizu_postlist_wrapper  \">\n          <a href=\"https:\/\/www.talblick.it\/it\/tempo-libero\/gite\/\">\n            \n        <img decoding=\"async\" src=\"https:\/\/www.talblick.it\/wp-content\/uploads\/2023\/05\/20120325154802-DSC_6594-1200x795.jpg\" alt=\"\">\n      \n            <div class=\"dimizu_postlist_caption\">\n              \n                  \n                  \n              <h3 class=\"entry-title card-title\">Gite<\/h3>\n               \n              <p>Paesaggi dai perfetti contrasti, palme che guardano con&hellip;<\/p>\n              <button href=\"https:\/\/www.talblick.it\/it\/tempo-libero\/gite\/\" class=\"btn btn-primary\">mehr<\/button>\n            <\/div>\n          <\/a>\n        <\/div>\n      \n        <div class=\"dimizu_postlist_wrapper  \">\n          <a href=\"https:\/\/www.talblick.it\/it\/tempo-libero\/musei\/\">\n            \n        <img decoding=\"async\" src=\"https:\/\/www.talblick.it\/wp-content\/uploads\/2023\/05\/20211009164317-_8501148-1200x800.jpg\" alt=\"\">\n      \n            <div class=\"dimizu_postlist_caption\">\n              \n                  \n                  \n              <h3 class=\"entry-title card-title\">Musei<\/h3>\n               \n              <p>Nel 1237 si fece luce per la prima&hellip;<\/p>\n              <button href=\"https:\/\/www.talblick.it\/it\/tempo-libero\/musei\/\" class=\"btn btn-primary\">mehr<\/button>\n            <\/div>\n          <\/a>\n        <\/div>\n      <\/div>\n\t\n\t\n\t\n<\/div>\n\n\n\n<hr class=\"wp-block-separator has-alpha-channel-opacity\"\/>\n\n\n\n<h3 class=\"wp-block-heading has-text-align-center\">Ein Blick ins Tal<\/h3>\n\n\n\n<p class=\"has-text-align-center\"><strong>St. Leonhard<\/strong><\/p>\n\n\n\n<div class=\"wp-block-group alignfull is-layout-constrained wp-block-group-is-layout-constrained\"><div class=\"wp-block-group__inner-container\">\n<iframe src=\"\/\/www.youtube.com\/embed\/wP0iglZNvBA?rel=0&#038;vq=hd720\" style=\"width:100%;height:75vh;\" frameborder=\"0\" allowfullscreen><\/iframe>\n<\/div><\/div>\n","protected":false},"excerpt":{"rendered":"<p>Tempo libero Attivo e divertente a San Leonardo, l&#8217;apprezzata meta di vacanza in Alto Adige San Leonardo in Passiria \u00e8 una vivace localit\u00e0 di villeggiatura sul versante meridionale delle Alpi Venoste, a 690 m sul livello del mare e a soli 20 km dalla nota citt\u00e0 termale di Merano. Il villaggio offre una gamma quasi [&hellip;]<\/p>\n","protected":false},"author":2,"featured_media":1205,"parent":0,"menu_order":0,"comment_status":"closed","ping_status":"closed","template":"","meta":{"footnotes":""},"seite_kategorien":[],"acf":[],"_links":{"self":[{"href":"https:\/\/www.talblick.it\/it\/wp-json\/wp\/v2\/pages\/1359"}],"collection":[{"href":"https:\/\/www.talblick.it\/it\/wp-json\/wp\/v2\/pages"}],"about":[{"href":"https:\/\/www.talblick.it\/it\/wp-json\/wp\/v2\/types\/page"}],"author":[{"embeddable":true,"href":"https:\/\/www.talblick.it\/it\/wp-json\/wp\/v2\/users\/2"}],"replies":[{"embeddable":true,"href":"https:\/\/www.talblick.it\/it\/wp-json\/wp\/v2\/comments?post=1359"}],"version-history":[{"count":2,"href":"https:\/\/www.talblick.it\/it\/wp-json\/wp\/v2\/pages\/1359\/revisions"}],"predecessor-version":[{"id":1418,"href":"https:\/\/www.talblick.it\/it\/wp-json\/wp\/v2\/pages\/1359\/revisions\/1418"}],"wp:featuredmedia":[{"embeddable":true,"href":"https:\/\/www.talblick.it\/it\/wp-json\/wp\/v2\/media\/1205"}],"wp:attachment":[{"href":"https:\/\/www.talblick.it\/it\/wp-json\/wp\/v2\/media?parent=1359"}],"wp:term":[{"taxonomy":"seite_kategorien","embeddable":true,"href":"https:\/\/www.talblick.it\/it\/wp-json\/wp\/v2\/seite_kategorien?post=1359"}],"curies":[{"name":"wp","href":"https:\/\/api.w.org\/{rel}","templated":true}]}}