{"id":1367,"date":"2023-05-09T18:52:00","date_gmt":"2023-05-09T16:52:00","guid":{"rendered":"https:\/\/www.talblick.it\/?page_id=1367"},"modified":"2023-05-31T20:07:27","modified_gmt":"2023-05-31T18:07:27","slug":"gite","status":"publish","type":"page","link":"https:\/\/www.talblick.it\/it\/tempo-libero\/gite\/","title":{"rendered":"Gite"},"content":{"rendered":"\n<div class=\"wp-block-cover alignfull has-parallax\"><span aria-hidden=\"true\" class=\"wp-block-cover__background has-background-dim-0 has-background-dim\"><\/span><div role=\"img\" class=\"wp-block-cover__image-background wp-image-1056 has-parallax\" style=\"background-position:50% 50%;background-image:url(https:\/\/www.talblick.it\/wp-content\/uploads\/2023\/05\/20120325154802-DSC_6594.jpg)\"><\/div><div class=\"wp-block-cover__inner-container is-layout-flow wp-block-cover-is-layout-flow\">\n<p class=\"has-text-align-center has-large-font-size\"><\/p>\n<\/div><\/div>\n\n\n\n<h1 class=\"wp-block-heading\">Gite<\/h1>\n\n\n\n<h2 class=\"wp-block-heading\">Merano e d&#8217;intorni<\/h2>\n\n\n\n<p>Paesaggi dai perfetti contrasti, palme che guardano con regalit\u00e0 alle cime bellissime innevate, deliziosi portici medievali e palazzi in stile liberti, il pi\u00f9 famoso ippodromo dell&#8217;arco alpino e residenza estiva tanto amata dalla principessa Sissi: questa \u00e8 Merano. Con le meravigliose passeggiate lungo il fiume Passirio, il giardino botanico di Castel Trauttmansdorff con il suo ricco patrimonio vegetale, il Touriseum, la Passeggiata Tappeiner, i palazzi del centro storico con i suoi splendidi tetti, l&#8217; incantevole teatro Puccini e la grandiosa Kursaal.<\/p>\n\n\n\n<figure class=\"wp-block-gallery has-nested-images columns-default is-cropped wp-block-gallery-2 is-layout-flex wp-block-gallery-is-layout-flex\">\n<figure class=\"wp-block-image size-large\"><img decoding=\"async\" loading=\"lazy\" width=\"1200\" height=\"795\" data-id=\"1056\" src=\"https:\/\/www.talblick.it\/wp-content\/uploads\/2023\/05\/20120325154802-DSC_6594-1200x795.jpg\" alt=\"Die Winterpromenade in Meran\" class=\"wp-image-1056\" srcset=\"https:\/\/www.talblick.it\/wp-content\/uploads\/2023\/05\/20120325154802-DSC_6594-1200x795.jpg 1200w, https:\/\/www.talblick.it\/wp-content\/uploads\/2023\/05\/20120325154802-DSC_6594-600x397.jpg 600w, https:\/\/www.talblick.it\/wp-content\/uploads\/2023\/05\/20120325154802-DSC_6594-768x509.jpg 768w, https:\/\/www.talblick.it\/wp-content\/uploads\/2023\/05\/20120325154802-DSC_6594-1536x1017.jpg 1536w, https:\/\/www.talblick.it\/wp-content\/uploads\/2023\/05\/20120325154802-DSC_6594.jpg 2048w\" sizes=\"(max-width: 1200px) 100vw, 1200px\" \/><figcaption class=\"wp-element-caption\">La passeggiata invernale di Merano<\/figcaption><\/figure>\n\n\n\n<figure class=\"wp-block-image size-large\"><img decoding=\"async\" loading=\"lazy\" width=\"800\" height=\"1200\" data-id=\"1082\" src=\"https:\/\/www.talblick.it\/wp-content\/uploads\/2023\/05\/20120325144635-DSC_6557-800x1200.jpg\" alt=\"Gilfpromenade\" class=\"wp-image-1082\" srcset=\"https:\/\/www.talblick.it\/wp-content\/uploads\/2023\/05\/20120325144635-DSC_6557-800x1200.jpg 800w, https:\/\/www.talblick.it\/wp-content\/uploads\/2023\/05\/20120325144635-DSC_6557-400x600.jpg 400w, https:\/\/www.talblick.it\/wp-content\/uploads\/2023\/05\/20120325144635-DSC_6557-768x1152.jpg 768w, https:\/\/www.talblick.it\/wp-content\/uploads\/2023\/05\/20120325144635-DSC_6557-1024x1536.jpg 1024w, https:\/\/www.talblick.it\/wp-content\/uploads\/2023\/05\/20120325144635-DSC_6557.jpg 1365w\" sizes=\"(max-width: 800px) 100vw, 800px\" \/><figcaption class=\"wp-element-caption\">Gilfpromenade<\/figcaption><\/figure>\n\n\n\n<figure class=\"wp-block-image size-large\"><img decoding=\"async\" loading=\"lazy\" width=\"795\" height=\"1200\" data-id=\"1080\" src=\"https:\/\/www.talblick.it\/wp-content\/uploads\/2023\/05\/20161016125709-_DSC2050-795x1200.jpg\" alt=\"\" class=\"wp-image-1080\" srcset=\"https:\/\/www.talblick.it\/wp-content\/uploads\/2023\/05\/20161016125709-_DSC2050-795x1200.jpg 795w, https:\/\/www.talblick.it\/wp-content\/uploads\/2023\/05\/20161016125709-_DSC2050-397x600.jpg 397w, https:\/\/www.talblick.it\/wp-content\/uploads\/2023\/05\/20161016125709-_DSC2050-768x1160.jpg 768w, https:\/\/www.talblick.it\/wp-content\/uploads\/2023\/05\/20161016125709-_DSC2050-1017x1536.jpg 1017w, https:\/\/www.talblick.it\/wp-content\/uploads\/2023\/05\/20161016125709-_DSC2050.jpg 1356w\" sizes=\"(max-width: 795px) 100vw, 795px\" \/><figcaption class=\"wp-element-caption\">Vista dalla Torre delle Polveri (torrione di Castel Ortenstein) su Merano e dintorni<\/figcaption><\/figure>\n\n\n\n<figure class=\"wp-block-image size-large\"><img decoding=\"async\" loading=\"lazy\" width=\"1200\" height=\"795\" data-id=\"1070\" src=\"https:\/\/www.talblick.it\/wp-content\/uploads\/2023\/05\/20120325150049-DSC_6577-1200x795.jpg\" alt=\"\" class=\"wp-image-1070\" srcset=\"https:\/\/www.talblick.it\/wp-content\/uploads\/2023\/05\/20120325150049-DSC_6577-1200x795.jpg 1200w, https:\/\/www.talblick.it\/wp-content\/uploads\/2023\/05\/20120325150049-DSC_6577-600x397.jpg 600w, https:\/\/www.talblick.it\/wp-content\/uploads\/2023\/05\/20120325150049-DSC_6577-768x509.jpg 768w, https:\/\/www.talblick.it\/wp-content\/uploads\/2023\/05\/20120325150049-DSC_6577-1536x1017.jpg 1536w, https:\/\/www.talblick.it\/wp-content\/uploads\/2023\/05\/20120325150049-DSC_6577.jpg 2048w\" sizes=\"(max-width: 1200px) 100vw, 1200px\" \/><figcaption class=\"wp-element-caption\">La passeggiata invernale di Merano<\/figcaption><\/figure>\n<\/figure>\n\n\n\n<hr class=\"wp-block-separator has-alpha-channel-opacity\"\/>\n\n\n\n<h2 class=\"wp-block-heading\">Bolzano, Vipiteno, Dolomiti, Lago di Garda<\/h2>\n\n\n\n<p>Dalla Val Passiria \u00e8 possibile raggiungere in breve tempo Bolzano, capoluogo della provincia, antica citt\u00e0 mercantile e punto d&#8217;incontro tra due culture, con il suo imponenteDuomo gotico, la pittoresca e coloratissima Piazza delle Erbe, Piazza Walther, vigilata dalla statua di uno dei pi\u00f9 grandi Minnes\u00e4nger, all&#8217;orizzonte il leggendario Catinaccio con le sue pareti scoscese: scorci e impressioni senza fine. A Bolzano potete visitare anche il museo \u00d6tzi, l&#8217; uomo venuto dall&#8217; ghiaccio e il MM Museum a Castel Firmiano.<\/p>\n\n\n\n<p>Il nostro programma settimanale comprende escursioni giornalieri nelle <strong>Dolomiti<\/strong> nell&#8217;Italia settentrionale: al Lago di Garda con i suo ulivi, cipressi e rocce calcaree.<\/p>\n\n\n\n<figure class=\"wp-block-gallery has-nested-images columns-default is-cropped wp-block-gallery-4 is-layout-flex wp-block-gallery-is-layout-flex\">\n<figure class=\"wp-block-image size-large\"><img decoding=\"async\" loading=\"lazy\" width=\"1200\" height=\"800\" data-id=\"1062\" src=\"https:\/\/www.talblick.it\/wp-content\/uploads\/2023\/05\/20220623155104-DSC_1635-Bearbeitet-1200x800.jpg\" alt=\"\" class=\"wp-image-1062\" srcset=\"https:\/\/www.talblick.it\/wp-content\/uploads\/2023\/05\/20220623155104-DSC_1635-Bearbeitet-1200x800.jpg 1200w, https:\/\/www.talblick.it\/wp-content\/uploads\/2023\/05\/20220623155104-DSC_1635-Bearbeitet-600x400.jpg 600w, https:\/\/www.talblick.it\/wp-content\/uploads\/2023\/05\/20220623155104-DSC_1635-Bearbeitet-768x512.jpg 768w, https:\/\/www.talblick.it\/wp-content\/uploads\/2023\/05\/20220623155104-DSC_1635-Bearbeitet-1536x1024.jpg 1536w, https:\/\/www.talblick.it\/wp-content\/uploads\/2023\/05\/20220623155104-DSC_1635-Bearbeitet.jpg 2048w\" sizes=\"(max-width: 1200px) 100vw, 1200px\" \/><figcaption class=\"wp-element-caption\">Bolzano, Bozen, Landeshauptstadt S\u00fcdtirol, Walterplatz Bozen<\/figcaption><\/figure>\n\n\n\n<figure class=\"wp-block-image size-large\"><img decoding=\"async\" loading=\"lazy\" width=\"1200\" height=\"795\" data-id=\"1109\" src=\"https:\/\/www.talblick.it\/wp-content\/uploads\/2023\/05\/20161127124720-_DSC4062-1200x795.jpg\" alt=\"\" class=\"wp-image-1109\" srcset=\"https:\/\/www.talblick.it\/wp-content\/uploads\/2023\/05\/20161127124720-_DSC4062-1200x795.jpg 1200w, https:\/\/www.talblick.it\/wp-content\/uploads\/2023\/05\/20161127124720-_DSC4062-600x397.jpg 600w, https:\/\/www.talblick.it\/wp-content\/uploads\/2023\/05\/20161127124720-_DSC4062-768x509.jpg 768w, https:\/\/www.talblick.it\/wp-content\/uploads\/2023\/05\/20161127124720-_DSC4062-1536x1017.jpg 1536w, https:\/\/www.talblick.it\/wp-content\/uploads\/2023\/05\/20161127124720-_DSC4062.jpg 2048w\" sizes=\"(max-width: 1200px) 100vw, 1200px\" \/><figcaption class=\"wp-element-caption\">Sterzing<\/figcaption><\/figure>\n\n\n\n<figure class=\"wp-block-image size-large\"><img decoding=\"async\" loading=\"lazy\" width=\"1200\" height=\"800\" data-id=\"1107\" src=\"https:\/\/www.talblick.it\/wp-content\/uploads\/2023\/05\/20200726160532-_8509826-1200x800.jpg\" alt=\"\" class=\"wp-image-1107\" srcset=\"https:\/\/www.talblick.it\/wp-content\/uploads\/2023\/05\/20200726160532-_8509826-1200x800.jpg 1200w, https:\/\/www.talblick.it\/wp-content\/uploads\/2023\/05\/20200726160532-_8509826-600x400.jpg 600w, https:\/\/www.talblick.it\/wp-content\/uploads\/2023\/05\/20200726160532-_8509826-768x512.jpg 768w, https:\/\/www.talblick.it\/wp-content\/uploads\/2023\/05\/20200726160532-_8509826-1536x1024.jpg 1536w, https:\/\/www.talblick.it\/wp-content\/uploads\/2023\/05\/20200726160532-_8509826.jpg 2048w\" sizes=\"(max-width: 1200px) 100vw, 1200px\" \/><figcaption class=\"wp-element-caption\">Gardasee, Malcesine, Scaligerburg, Segelboot<\/figcaption><\/figure>\n\n\n\n<figure class=\"wp-block-image size-large\"><img decoding=\"async\" loading=\"lazy\" width=\"1200\" height=\"800\" data-id=\"1551\" src=\"https:\/\/www.talblick.it\/wp-content\/uploads\/2023\/05\/20221018091947-dsc_9564-1200x800.jpg\" alt=\"\" class=\"wp-image-1551\" srcset=\"https:\/\/www.talblick.it\/wp-content\/uploads\/2023\/05\/20221018091947-dsc_9564-1200x800.jpg 1200w, https:\/\/www.talblick.it\/wp-content\/uploads\/2023\/05\/20221018091947-dsc_9564-600x400.jpg 600w, https:\/\/www.talblick.it\/wp-content\/uploads\/2023\/05\/20221018091947-dsc_9564-768x512.jpg 768w, https:\/\/www.talblick.it\/wp-content\/uploads\/2023\/05\/20221018091947-dsc_9564-1536x1024.jpg 1536w, https:\/\/www.talblick.it\/wp-content\/uploads\/2023\/05\/20221018091947-dsc_9564.jpg 2048w\" sizes=\"(max-width: 1200px) 100vw, 1200px\" \/><figcaption class=\"wp-element-caption\">Dolomiti<\/figcaption><\/figure>\n<\/figure>\n\n\n\n<div style=\"height:100px\" aria-hidden=\"true\" class=\"wp-block-spacer\"><\/div>\n","protected":false},"excerpt":{"rendered":"<p>Gite Merano e d&#8217;intorni Paesaggi dai perfetti contrasti, palme che guardano con regalit\u00e0 alle cime bellissime innevate, deliziosi portici medievali e palazzi in stile liberti, il pi\u00f9 famoso ippodromo dell&#8217;arco alpino e residenza estiva tanto amata dalla principessa Sissi: questa \u00e8 Merano. Con le meravigliose passeggiate lungo il fiume Passirio, il giardino botanico di Castel [&hellip;]<\/p>\n","protected":false},"author":2,"featured_media":1057,"parent":1359,"menu_order":0,"comment_status":"closed","ping_status":"closed","template":"","meta":{"footnotes":""},"seite_kategorien":[14],"acf":[],"_links":{"self":[{"href":"https:\/\/www.talblick.it\/it\/wp-json\/wp\/v2\/pages\/1367"}],"collection":[{"href":"https:\/\/www.talblick.it\/it\/wp-json\/wp\/v2\/pages"}],"about":[{"href":"https:\/\/www.talblick.it\/it\/wp-json\/wp\/v2\/types\/page"}],"author":[{"embeddable":true,"href":"https:\/\/www.talblick.it\/it\/wp-json\/wp\/v2\/users\/2"}],"replies":[{"embeddable":true,"href":"https:\/\/www.talblick.it\/it\/wp-json\/wp\/v2\/comments?post=1367"}],"version-history":[{"count":5,"href":"https:\/\/www.talblick.it\/it\/wp-json\/wp\/v2\/pages\/1367\/revisions"}],"predecessor-version":[{"id":1559,"href":"https:\/\/www.talblick.it\/it\/wp-json\/wp\/v2\/pages\/1367\/revisions\/1559"}],"up":[{"embeddable":true,"href":"https:\/\/www.talblick.it\/it\/wp-json\/wp\/v2\/pages\/1359"}],"wp:featuredmedia":[{"embeddable":true,"href":"https:\/\/www.talblick.it\/it\/wp-json\/wp\/v2\/media\/1057"}],"wp:attachment":[{"href":"https:\/\/www.talblick.it\/it\/wp-json\/wp\/v2\/media?parent=1367"}],"wp:term":[{"taxonomy":"seite_kategorien","embeddable":true,"href":"https:\/\/www.talblick.it\/it\/wp-json\/wp\/v2\/seite_kategorien?post=1367"}],"curies":[{"name":"wp","href":"https:\/\/api.w.org\/{rel}","templated":true}]}}