{"id":1371,"date":"2023-05-11T11:39:14","date_gmt":"2023-05-11T09:39:14","guid":{"rendered":"https:\/\/www.talblick.it\/?page_id=1371"},"modified":"2023-05-31T20:17:42","modified_gmt":"2023-05-31T18:17:42","slug":"gustare","status":"publish","type":"page","link":"https:\/\/www.talblick.it\/it\/tempo-libero\/gustare\/","title":{"rendered":"Gustare"},"content":{"rendered":"\n<div class=\"wp-block-cover alignfull\"><span aria-hidden=\"true\" class=\"wp-block-cover__background has-background-dim-0 has-background-dim\"><\/span><img decoding=\"async\" loading=\"lazy\" width=\"2048\" height=\"1366\" class=\"wp-block-cover__image-background wp-image-1131\" alt=\"\" src=\"https:\/\/www.talblick.it\/wp-content\/uploads\/2023\/05\/20221006165249-_bp_409855_c_benjamin_pfitscher.jpg\" data-object-fit=\"cover\" srcset=\"https:\/\/www.talblick.it\/wp-content\/uploads\/2023\/05\/20221006165249-_bp_409855_c_benjamin_pfitscher.jpg 2048w, https:\/\/www.talblick.it\/wp-content\/uploads\/2023\/05\/20221006165249-_bp_409855_c_benjamin_pfitscher-600x400.jpg 600w, https:\/\/www.talblick.it\/wp-content\/uploads\/2023\/05\/20221006165249-_bp_409855_c_benjamin_pfitscher-1200x800.jpg 1200w, https:\/\/www.talblick.it\/wp-content\/uploads\/2023\/05\/20221006165249-_bp_409855_c_benjamin_pfitscher-768x512.jpg 768w, https:\/\/www.talblick.it\/wp-content\/uploads\/2023\/05\/20221006165249-_bp_409855_c_benjamin_pfitscher-1536x1025.jpg 1536w\" sizes=\"(max-width: 2048px) 100vw, 2048px\" \/><div class=\"wp-block-cover__inner-container is-layout-flow wp-block-cover-is-layout-flow\">\n<p class=\"has-text-align-center has-large-font-size\"><\/p>\n<\/div><\/div>\n\n\n\n<h1 class=\"wp-block-heading\">Gustare<\/h1>\n\n\n\n<h2 class=\"wp-block-heading\">Una cucina deliziosa<\/h2>\n\n\n\n<p>In Val Passiria, la semplicit\u00e0 alpina e la leggerezza mediterranea si fondono nelle pentole delle locande e dei ristoranti. Qui si preparano piatti tradizionali come i canederli sulla pasta o il Bauerngreaschtl sul Vitello Tonnato. Il segreto sta negli ingredienti freschi regionali che garantiscono l&#8217;eccezionale qualit\u00e0 della cucina locale.<\/p>\n\n\n\n<p>In autunno si va di maso in maso, tra una passeggiata e una trekking tour, ad assaggiare il vino nuovo accompagnato dai piatti tipici autunnali. Prima di sedersi a tavola \u00e8 usanza fare una bella passeggiata fra i castagni colorati, fra i vigneti e gli antichi masi contadini. Il moto mette appetito: speck, pane nero, w\u00fcrstel con crauti, minestra d&#8217;orzo e castagne nella calda stube in legno. T\u00f6rggelen&#8230; un motivo in pi\u00f9 per fare una vacanza in Alto Adige in autunno!<\/p>\n\n\n\n<figure class=\"wp-block-gallery has-nested-images columns-default is-cropped wp-block-gallery-2 is-layout-flex wp-block-gallery-is-layout-flex\">\n<figure class=\"wp-block-image size-large\"><img decoding=\"async\" loading=\"lazy\" width=\"800\" height=\"1200\" data-id=\"1536\" src=\"https:\/\/www.talblick.it\/wp-content\/uploads\/2023\/05\/20180429152525-tvpass141259-800x1200.jpg\" alt=\"\" class=\"wp-image-1536\" srcset=\"https:\/\/www.talblick.it\/wp-content\/uploads\/2023\/05\/20180429152525-tvpass141259-800x1200.jpg 800w, https:\/\/www.talblick.it\/wp-content\/uploads\/2023\/05\/20180429152525-tvpass141259-400x600.jpg 400w, https:\/\/www.talblick.it\/wp-content\/uploads\/2023\/05\/20180429152525-tvpass141259-768x1152.jpg 768w, https:\/\/www.talblick.it\/wp-content\/uploads\/2023\/05\/20180429152525-tvpass141259.jpg 911w\" sizes=\"(max-width: 800px) 100vw, 800px\" \/><\/figure>\n\n\n\n<figure class=\"wp-block-image size-large\"><img decoding=\"async\" loading=\"lazy\" width=\"800\" height=\"1200\" data-id=\"1535\" src=\"https:\/\/www.talblick.it\/wp-content\/uploads\/2023\/05\/20190522121905-tvpass140391-800x1200.jpg\" alt=\"\" class=\"wp-image-1535\" srcset=\"https:\/\/www.talblick.it\/wp-content\/uploads\/2023\/05\/20190522121905-tvpass140391-800x1200.jpg 800w, https:\/\/www.talblick.it\/wp-content\/uploads\/2023\/05\/20190522121905-tvpass140391-400x600.jpg 400w, https:\/\/www.talblick.it\/wp-content\/uploads\/2023\/05\/20190522121905-tvpass140391-768x1152.jpg 768w, https:\/\/www.talblick.it\/wp-content\/uploads\/2023\/05\/20190522121905-tvpass140391-1024x1536.jpg 1024w, https:\/\/www.talblick.it\/wp-content\/uploads\/2023\/05\/20190522121905-tvpass140391.jpg 1365w\" sizes=\"(max-width: 800px) 100vw, 800px\" \/><\/figure>\n\n\n\n<figure class=\"wp-block-image size-large\"><img decoding=\"async\" loading=\"lazy\" width=\"800\" height=\"1200\" data-id=\"1566\" src=\"https:\/\/www.talblick.it\/wp-content\/uploads\/2023\/05\/20151220141801-tvpass141220-1-800x1200.jpg\" alt=\"\" class=\"wp-image-1566\" srcset=\"https:\/\/www.talblick.it\/wp-content\/uploads\/2023\/05\/20151220141801-tvpass141220-1-800x1200.jpg 800w, https:\/\/www.talblick.it\/wp-content\/uploads\/2023\/05\/20151220141801-tvpass141220-1-400x600.jpg 400w, https:\/\/www.talblick.it\/wp-content\/uploads\/2023\/05\/20151220141801-tvpass141220-1-768x1152.jpg 768w, https:\/\/www.talblick.it\/wp-content\/uploads\/2023\/05\/20151220141801-tvpass141220-1-1024x1536.jpg 1024w, https:\/\/www.talblick.it\/wp-content\/uploads\/2023\/05\/20151220141801-tvpass141220-1.jpg 1365w\" sizes=\"(max-width: 800px) 100vw, 800px\" \/><\/figure>\n<\/figure>\n\n\n\n<div style=\"height:100px\" aria-hidden=\"true\" class=\"wp-block-spacer\"><\/div>\n\n\n\n<h3 class=\"wp-block-heading\">Ristoranti<\/h3>\n\n\n\n<p>Avete voglia di assaggiare un piatto tipico della regione come i deliziosi \u201cSchlutzkrapfen\u201d (mezzelune ripiene) o le costolette d\u2019agnello speziate? O forse preferite un ottimo piatto di pasta o una fragrante pizza?<\/p>\n\n\n\n<ul>\n<li><a href=\"https:\/\/www.talblick.it\/wp-content\/uploads\/2023\/05\/gastro-leonhard.pdf\" target=\"_blank\" rel=\"noreferrer noopener\">Restaurant St. Leonhard<\/a><\/li>\n\n\n\n<li><a href=\"https:\/\/www.talblick.it\/wp-content\/uploads\/2023\/05\/gastro-martin.pdf\" target=\"_blank\" rel=\"noreferrer noopener\">Restaurant St. Martin<\/a><\/li>\n\n\n\n<li><a href=\"https:\/\/www.talblick.it\/wp-content\/uploads\/2023\/05\/gastro-moos.pdf\" target=\"_blank\" rel=\"noreferrer noopener\">Restaurant Moos<\/a><\/li>\n\n\n\n<li><a href=\"https:\/\/www.talblick.it\/wp-content\/uploads\/2023\/05\/gastro-riffian-neu.pdf\" target=\"_blank\" rel=\"noreferrer noopener\">Restaurant Riffian<\/a><\/li>\n<\/ul>\n\n\n\n<div style=\"height:100px\" aria-hidden=\"true\" class=\"wp-block-spacer\"><\/div>\n","protected":false},"excerpt":{"rendered":"<p>Gustare Una cucina deliziosa In Val Passiria, la semplicit\u00e0 alpina e la leggerezza mediterranea si fondono nelle pentole delle locande e dei ristoranti. Qui si preparano piatti tradizionali come i canederli sulla pasta o il Bauerngreaschtl sul Vitello Tonnato. Il segreto sta negli ingredienti freschi regionali che garantiscono l&#8217;eccezionale qualit\u00e0 della cucina locale. In autunno [&hellip;]<\/p>\n","protected":false},"author":2,"featured_media":1132,"parent":1359,"menu_order":0,"comment_status":"closed","ping_status":"closed","template":"","meta":{"footnotes":""},"seite_kategorien":[14],"acf":[],"_links":{"self":[{"href":"https:\/\/www.talblick.it\/it\/wp-json\/wp\/v2\/pages\/1371"}],"collection":[{"href":"https:\/\/www.talblick.it\/it\/wp-json\/wp\/v2\/pages"}],"about":[{"href":"https:\/\/www.talblick.it\/it\/wp-json\/wp\/v2\/types\/page"}],"author":[{"embeddable":true,"href":"https:\/\/www.talblick.it\/it\/wp-json\/wp\/v2\/users\/2"}],"replies":[{"embeddable":true,"href":"https:\/\/www.talblick.it\/it\/wp-json\/wp\/v2\/comments?post=1371"}],"version-history":[{"count":6,"href":"https:\/\/www.talblick.it\/it\/wp-json\/wp\/v2\/pages\/1371\/revisions"}],"predecessor-version":[{"id":1570,"href":"https:\/\/www.talblick.it\/it\/wp-json\/wp\/v2\/pages\/1371\/revisions\/1570"}],"up":[{"embeddable":true,"href":"https:\/\/www.talblick.it\/it\/wp-json\/wp\/v2\/pages\/1359"}],"wp:featuredmedia":[{"embeddable":true,"href":"https:\/\/www.talblick.it\/it\/wp-json\/wp\/v2\/media\/1132"}],"wp:attachment":[{"href":"https:\/\/www.talblick.it\/it\/wp-json\/wp\/v2\/media?parent=1371"}],"wp:term":[{"taxonomy":"seite_kategorien","embeddable":true,"href":"https:\/\/www.talblick.it\/it\/wp-json\/wp\/v2\/seite_kategorien?post=1371"}],"curies":[{"name":"wp","href":"https:\/\/api.w.org\/{rel}","templated":true}]}}