{"id":1377,"date":"2023-05-08T19:56:45","date_gmt":"2023-05-08T17:56:45","guid":{"rendered":"https:\/\/www.talblick.it\/?page_id=1377"},"modified":"2023-05-31T20:05:28","modified_gmt":"2023-05-31T18:05:28","slug":"musei","status":"publish","type":"page","link":"https:\/\/www.talblick.it\/it\/tempo-libero\/musei\/","title":{"rendered":"Musei"},"content":{"rendered":"\n<div class=\"wp-block-cover alignfull\"><span aria-hidden=\"true\" class=\"wp-block-cover__background has-background-dim-0 has-background-dim\"><\/span><img decoding=\"async\" loading=\"lazy\" width=\"2048\" height=\"1365\" class=\"wp-block-cover__image-background wp-image-1040\" alt=\"\" src=\"https:\/\/www.talblick.it\/wp-content\/uploads\/2023\/05\/20211009164317-_8501148.jpg\" data-object-fit=\"cover\" srcset=\"https:\/\/www.talblick.it\/wp-content\/uploads\/2023\/05\/20211009164317-_8501148.jpg 2048w, https:\/\/www.talblick.it\/wp-content\/uploads\/2023\/05\/20211009164317-_8501148-600x400.jpg 600w, https:\/\/www.talblick.it\/wp-content\/uploads\/2023\/05\/20211009164317-_8501148-1200x800.jpg 1200w, https:\/\/www.talblick.it\/wp-content\/uploads\/2023\/05\/20211009164317-_8501148-768x512.jpg 768w, https:\/\/www.talblick.it\/wp-content\/uploads\/2023\/05\/20211009164317-_8501148-1536x1024.jpg 1536w\" sizes=\"(max-width: 2048px) 100vw, 2048px\" \/><div class=\"wp-block-cover__inner-container is-layout-flow wp-block-cover-is-layout-flow\">\n<p class=\"has-text-align-center has-large-font-size\"><\/p>\n<\/div><\/div>\n\n\n\n<h1 class=\"wp-block-heading\">Musei<\/h1>\n\n\n\n<h2 class=\"wp-block-heading\">Monteneve &#8211; la miniera pi\u00f9 alta d&#8217;Europa<\/h2>\n\n\n\n<figure class=\"wp-block-image size-large\"><img decoding=\"async\" loading=\"lazy\" width=\"1200\" height=\"800\" src=\"https:\/\/www.talblick.it\/wp-content\/uploads\/2023\/05\/20211009162053-_8501039-1200x800.jpg\" alt=\"\" class=\"wp-image-1051\" srcset=\"https:\/\/www.talblick.it\/wp-content\/uploads\/2023\/05\/20211009162053-_8501039-1200x800.jpg 1200w, https:\/\/www.talblick.it\/wp-content\/uploads\/2023\/05\/20211009162053-_8501039-600x400.jpg 600w, https:\/\/www.talblick.it\/wp-content\/uploads\/2023\/05\/20211009162053-_8501039-768x512.jpg 768w, https:\/\/www.talblick.it\/wp-content\/uploads\/2023\/05\/20211009162053-_8501039-1536x1024.jpg 1536w, https:\/\/www.talblick.it\/wp-content\/uploads\/2023\/05\/20211009162053-_8501039.jpg 2048w\" sizes=\"(max-width: 1200px) 100vw, 1200px\" \/><figcaption class=\"wp-element-caption\">Miniera Monteneve<\/figcaption><\/figure>\n\n\n\n<p>Nel 1237 si fece luce per la prima volta sull&#8217;attivit\u00e0 mineraria a Monteneve che non vanta solo il primato di miniera pi\u00f9 alta d&#8217;Europaposizionata a 2000 &#8211; 2500 m sul livello, del mare, ma anche quello di principale sito per le estrazioni di zinco e piombo del vecchio Tirolo. Escursioni sotterranee permettono ai visitatori di percorrere ancora oggi alcuni tratti degli oltre 150 km di gallerie e pozzi, avvicinandosi in tal modo alla lunga storia della miniere che nel 15\u00b0 secolo viveva il suo periodo di maggior splendore e vedeva impegnati ben oltre 1000 minatori, detti canopi (dal tedesco Knappen). con una lunghezza complessiva di 27 km la miniera era al tempol&#8217;impianto di trasporto su rotaia pi\u00f9 lungo del mondo.<\/p>\n\n\n\n<p>A Monteneve durante le visite guidate nella miniera, i visitatori si trovano proiettati nel passato e rivivono le emozioni di allora. Si pu\u00f2 scegliere tra le escursioni di mezza giornata o quelle di una giornata intera usando il trenino della miniera, o fare un giro al museo con sala s&#8217;esposizione, e magari fermarsi al rifugio alpino.<br>Che sia all&#8217;aria aperta o nei meandri sotterranei, sempre e ovunque vi aspettano nuove e bellissime esperienze.<br><\/p>\n\n\n\n<h2 class=\"wp-block-heading\">MuseoPassiria &#8211; Andreas Hofer<\/h2>\n\n\n\n<figure class=\"wp-block-image size-large\"><img decoding=\"async\" loading=\"lazy\" width=\"1200\" height=\"795\" src=\"https:\/\/www.talblick.it\/wp-content\/uploads\/2023\/05\/20111030134153-20111030-Passeiertal-042-1200x795.jpg\" alt=\"\" class=\"wp-image-1045\" srcset=\"https:\/\/www.talblick.it\/wp-content\/uploads\/2023\/05\/20111030134153-20111030-Passeiertal-042-1200x795.jpg 1200w, https:\/\/www.talblick.it\/wp-content\/uploads\/2023\/05\/20111030134153-20111030-Passeiertal-042-600x397.jpg 600w, https:\/\/www.talblick.it\/wp-content\/uploads\/2023\/05\/20111030134153-20111030-Passeiertal-042-768x509.jpg 768w, https:\/\/www.talblick.it\/wp-content\/uploads\/2023\/05\/20111030134153-20111030-Passeiertal-042-1536x1017.jpg 1536w, https:\/\/www.talblick.it\/wp-content\/uploads\/2023\/05\/20111030134153-20111030-Passeiertal-042.jpg 2048w\" sizes=\"(max-width: 1200px) 100vw, 1200px\" \/><figcaption class=\"wp-element-caption\">Sandwirt in Passeier<\/figcaption><\/figure>\n\n\n\n<p>Il MuseoPassiria &#8211; Andras Hofer si trova a S. Leonardo al Sandhof nel cuore della patria di Andreas Hofer (1767 &#8211; 1810), il combattente per la libert\u00e0.<\/p>\n\n\n\n<p>Andreas Hofer e l&#8217;insurrezione tirolese del 1809 costituiscono, con il film documentario e la raccolta di molti pezzi originali, la parte principale del museo, collocata nell&#8217;antica stalla del Sandhof.<\/p>\n\n\n\n<p>Nel fienile sovrastante \u00e8 esposta una ricca collezione etnologica della Val Passiria (costumi tradizionali, mobili, arte, iconografia e medicina popolare, usi dellavita contadina, mezzi di trasporto, artigianato, personalit\u00e0).<\/p>\n\n\n\n<p>Una sala d&#8217;ascolto permette di compiere un percorso individuale nella musica, nelle saghe, nei racconti popolari e nella letteratura della valle.<\/p>\n\n\n\n<p>L&#8217;area museale all&#8217;aperto, con la ricostruzione dei numerosi edifici del 16\u00b0 al 19\u00b0 secolo, che compongono un tipico maso della Passiria, con la cappella del Sacro Cuore (1899) e al chiesetta del S. Sepolcro (1691), completa l&#8217;emozionante visita al museo.<br>Anche il cimitero dei francesi, il Castel Giovo e il museo dell&#8217;alpeggio a Pfistrad fanno parte del MuseoPassiria.<\/p>\n\n\n\n<h2 class=\"wp-block-heading\">Bunker Mooseum<\/h2>\n\n\n\n<figure class=\"wp-block-image size-large\"><img decoding=\"async\" loading=\"lazy\" width=\"1200\" height=\"800\" src=\"https:\/\/www.talblick.it\/wp-content\/uploads\/2023\/05\/20180812141424-_8501934-1200x800.jpg\" alt=\"\" class=\"wp-image-1049\" srcset=\"https:\/\/www.talblick.it\/wp-content\/uploads\/2023\/05\/20180812141424-_8501934-1200x800.jpg 1200w, https:\/\/www.talblick.it\/wp-content\/uploads\/2023\/05\/20180812141424-_8501934-600x400.jpg 600w, https:\/\/www.talblick.it\/wp-content\/uploads\/2023\/05\/20180812141424-_8501934-768x512.jpg 768w, https:\/\/www.talblick.it\/wp-content\/uploads\/2023\/05\/20180812141424-_8501934-1536x1024.jpg 1536w, https:\/\/www.talblick.it\/wp-content\/uploads\/2023\/05\/20180812141424-_8501934.jpg 2048w\" sizes=\"(max-width: 1200px) 100vw, 1200px\" \/><figcaption class=\"wp-element-caption\">Bunker Mooseum in Moos im Passeiertal<\/figcaption><\/figure>\n\n\n\n<p>Visitate a Moso in Alta Val Passiria una&nbsp;struttura nuova, spettacolare: si tratta del \u201cBunker- Mooseum\u201c, che funge allo stesso tempo da centro informazioni del Parco Naturale Gruppo di Tessa. A fianco di un centro informazioni del&nbsp;Parco Naturale Gruppo di Tessa&nbsp;sono allestite delle aree espositive riguardanti la preistoria e la&nbsp;storia dell\u2019insediamento dell\u2019Alta Val Passirianonch\u00e9 la miniera di Monteneve e le curiosit\u00e0 naturalistiche e geologiche. Completano il panorama gli episodi di storia contemporanea, l\u2019atmosfera del&nbsp;bunker vissuta in prima persona, il recinto degli stambecchi e la palestra di roccia.<\/p>\n\n\n\n<div style=\"height:100px\" aria-hidden=\"true\" class=\"wp-block-spacer\"><\/div>\n\n\n\n<p class=\"has-text-align-center\"><em>L&#8217;ingresso a questi musei \u00e8 incluso nella <a href=\"https:\/\/www.talblick.it\/preise\/#scrollmerancard\" data-type=\"page\" data-id=\"453\">MeranCard<\/a>.<\/em><\/p>\n\n\n\n<div style=\"height:100px\" aria-hidden=\"true\" class=\"wp-block-spacer\"><\/div>\n","protected":false},"excerpt":{"rendered":"<p>Musei Monteneve &#8211; la miniera pi\u00f9 alta d&#8217;Europa Nel 1237 si fece luce per la prima volta sull&#8217;attivit\u00e0 mineraria a Monteneve che non vanta solo il primato di miniera pi\u00f9 alta d&#8217;Europaposizionata a 2000 &#8211; 2500 m sul livello, del mare, ma anche quello di principale sito per le estrazioni di zinco e piombo del [&hellip;]<\/p>\n","protected":false},"author":2,"featured_media":1041,"parent":1359,"menu_order":0,"comment_status":"closed","ping_status":"closed","template":"","meta":{"footnotes":""},"seite_kategorien":[14],"acf":[],"_links":{"self":[{"href":"https:\/\/www.talblick.it\/it\/wp-json\/wp\/v2\/pages\/1377"}],"collection":[{"href":"https:\/\/www.talblick.it\/it\/wp-json\/wp\/v2\/pages"}],"about":[{"href":"https:\/\/www.talblick.it\/it\/wp-json\/wp\/v2\/types\/page"}],"author":[{"embeddable":true,"href":"https:\/\/www.talblick.it\/it\/wp-json\/wp\/v2\/users\/2"}],"replies":[{"embeddable":true,"href":"https:\/\/www.talblick.it\/it\/wp-json\/wp\/v2\/comments?post=1377"}],"version-history":[{"count":3,"href":"https:\/\/www.talblick.it\/it\/wp-json\/wp\/v2\/pages\/1377\/revisions"}],"predecessor-version":[{"id":1557,"href":"https:\/\/www.talblick.it\/it\/wp-json\/wp\/v2\/pages\/1377\/revisions\/1557"}],"up":[{"embeddable":true,"href":"https:\/\/www.talblick.it\/it\/wp-json\/wp\/v2\/pages\/1359"}],"wp:featuredmedia":[{"embeddable":true,"href":"https:\/\/www.talblick.it\/it\/wp-json\/wp\/v2\/media\/1041"}],"wp:attachment":[{"href":"https:\/\/www.talblick.it\/it\/wp-json\/wp\/v2\/media?parent=1377"}],"wp:term":[{"taxonomy":"seite_kategorien","embeddable":true,"href":"https:\/\/www.talblick.it\/it\/wp-json\/wp\/v2\/seite_kategorien?post=1377"}],"curies":[{"name":"wp","href":"https:\/\/api.w.org\/{rel}","templated":true}]}}