{"id":1382,"date":"2023-05-13T14:03:03","date_gmt":"2023-05-13T12:03:03","guid":{"rendered":"https:\/\/www.talblick.it\/?page_id=1382"},"modified":"2023-05-31T18:23:13","modified_gmt":"2023-05-31T16:23:13","slug":"posizione-e-arrivo","status":"publish","type":"page","link":"https:\/\/www.talblick.it\/it\/home\/posizione-e-arrivo\/","title":{"rendered":"Posizione e arrivo"},"content":{"rendered":"\n<div class=\"wp-block-cover alignfull is-light has-parallax\"><span aria-hidden=\"true\" class=\"wp-block-cover__background has-background-dim-0 has-background-dim\"><\/span><div role=\"img\" class=\"wp-block-cover__image-background wp-image-602 has-parallax\" style=\"background-position:50% 50%;background-image:url(https:\/\/www.talblick.it\/wp-content\/uploads\/2023\/05\/tvpass140022.jpg)\"><\/div><div class=\"wp-block-cover__inner-container is-layout-flow wp-block-cover-is-layout-flow\">\n<p class=\"has-text-align-center has-large-font-size\"><\/p>\n<\/div><\/div>\n\n\n\n<h1 class=\"wp-block-heading\">Posizione e arrivo<\/h1>\n\n\n\n<h2 class=\"wp-block-heading\">POSIZIONE E ARRIVO<\/h2>\n\n\n\n<p>Il Residence Talblick \u00e8 un vero e proprio punto di riferimento in Alto Adige, non da ultimo per la sua posizione panoramica e soleggiata. Il centro del paese di San Leonardo in Passiria dista solo cinque minuti a piedi, dove troverete una variet\u00e0 di ristoranti, caff\u00e8 e negozi.<\/p>\n\n\n\n<p>Da San Leonardo si raggiunge rapidamente la citt\u00e0 termale di Merano (20 km), una delle pi\u00f9 belle citt\u00e0 dell&#8217;Alto Adige.<\/p>\n\n\n\n<div class=\"wp-block-group alignwide is-layout-constrained wp-block-group-is-layout-constrained\"><div class=\"wp-block-group__inner-container\">\n<iframe loading=\"lazy\" src=\"https:\/\/www.google.com\/maps\/embed?pb=!1m18!1m12!1m3!1d2296.1119437654825!2d11.2415268360253!3d46.81311712527749!2m3!1f0!2f0!3f0!3m2!1i1024!2i768!4f13.1!3m3!1m2!1s0x4782b15e14f90205%3A0xa2aba083a83bd69f!2sPension+Talblick!5e0!3m2!1sde!2sit!4v1542268998454\" style=\"border:0\" allowfullscreen=\"\" width=\"100%\" height=\"400\" frameborder=\"0\"><\/iframe>\n<\/div><\/div>\n\n\n\n<div style=\"height:100px\" aria-hidden=\"true\" class=\"wp-block-spacer\"><\/div>\n\n\n\n<h3 class=\"wp-block-heading\">Arrivo<\/h3>\n\n\n\n<p><strong>In macchina:<\/strong><\/p>\n\n\n\n<p>Provenendo da Monaco di Baviera sull&#8217;autostrada Kufstein &#8211; Innsbruck &#8211; Brennero, uscire a Vipiteno, superare il Passo della Giovenca (2094 m) in direzione di San Leonardo in Passiria (40 km da Vipiteno).<\/p>\n\n\n\n<p>In autostrada da Monaco di Baviera a Vipiteno, proseguire fino a Bolzano (uscita Bozen S\u00fcd), prendere l&#8217;autostrada MEBO in direzione di Merano, uscita Meran S\u00fcd\/Sinich) e proseguire fino alla Val Passiria.<\/p>\n\n\n\n<p>Da Garmisch attraverso il Fernpass fino a Landeck, attraverso il Passo Resia (1504) fino a Merano e in Val Passiria.<\/p>\n\n\n\n<p>Da giugno a met\u00e0 ottobre attraverso la \u00d6tztal &#8211; Timmelsjoch (2506 m) fino alla Val Passiria.<\/p>\n\n\n\n<p>Arrivati in paese, seguire le frecce gialle della Mooserstrasse n. 10.<br>Dati GPS per la navigazione Est 11\u00b0 14 \u2032 36&#8243; Nord 46\u00b0 48 \u2032 46&#8243; o 46.812279 + 11.243133<\/p>\n\n\n\n<p><strong>In treno e autobus:<\/strong><\/p>\n\n\n\n<p>La stazione ferroviaria di Bolzano \u00e8 la fermata principale, dove si pu\u00f2 prendere il treno per Merano. Da l\u00ec \u00e8 possibile prendere l&#8217;autobus per San Leonardo ogni ora o pi\u00f9 volte al giorno.<\/p>\n\n\n\n<ul>\n<li><a href=\"http:\/\/www.trenitalia.com\/\" target=\"_blank\" rel=\"noreferrer noopener\">Orario Trenitalia<\/a><\/li>\n\n\n\n<li><a rel=\"noreferrer noopener\" href=\"http:\/\/www.passeier.it\/verkehr\/bus.html\" target=\"_blank\">Orario autobus<\/a><\/li>\n<\/ul>\n\n\n\n<p><strong>In aereo:<\/strong><\/p>\n\n\n\n<ul>\n<li><a rel=\"noreferrer noopener\" href=\"http:\/\/www.bolzanoairport.it\/de\/\" target=\"_blank\">Aeroporto Bolzano<\/a>: 51 km<\/li>\n\n\n\n<li><a rel=\"noreferrer noopener\" href=\"https:\/\/www.innsbruck-airport.com\/de\" target=\"_blank\">Aeroporto Innsbruck<\/a>: 174 km<\/li>\n\n\n\n<li><a rel=\"noreferrer noopener\" href=\"https:\/\/www.aeroportoverona.it\/en\/\" target=\"_blank\">Aeroporto<\/a> <a rel=\"noreferrer noopener\" href=\"https:\/\/www.aeroportoverona.it\/en\/\" target=\"_blank\">Verona<\/a>: 195 km<\/li>\n<\/ul>\n","protected":false},"excerpt":{"rendered":"<p>Posizione e arrivo POSIZIONE E ARRIVO Il Residence Talblick \u00e8 un vero e proprio punto di riferimento in Alto Adige, non da ultimo per la sua posizione panoramica e soleggiata. Il centro del paese di San Leonardo in Passiria dista solo cinque minuti a piedi, dove troverete una variet\u00e0 di ristoranti, caff\u00e8 e negozi. Da [&hellip;]<\/p>\n","protected":false},"author":2,"featured_media":603,"parent":1386,"menu_order":0,"comment_status":"closed","ping_status":"closed","template":"","meta":{"footnotes":""},"seite_kategorien":[],"acf":[],"_links":{"self":[{"href":"https:\/\/www.talblick.it\/it\/wp-json\/wp\/v2\/pages\/1382"}],"collection":[{"href":"https:\/\/www.talblick.it\/it\/wp-json\/wp\/v2\/pages"}],"about":[{"href":"https:\/\/www.talblick.it\/it\/wp-json\/wp\/v2\/types\/page"}],"author":[{"embeddable":true,"href":"https:\/\/www.talblick.it\/it\/wp-json\/wp\/v2\/users\/2"}],"replies":[{"embeddable":true,"href":"https:\/\/www.talblick.it\/it\/wp-json\/wp\/v2\/comments?post=1382"}],"version-history":[{"count":4,"href":"https:\/\/www.talblick.it\/it\/wp-json\/wp\/v2\/pages\/1382\/revisions"}],"predecessor-version":[{"id":1454,"href":"https:\/\/www.talblick.it\/it\/wp-json\/wp\/v2\/pages\/1382\/revisions\/1454"}],"up":[{"embeddable":true,"href":"https:\/\/www.talblick.it\/it\/wp-json\/wp\/v2\/pages\/1386"}],"wp:featuredmedia":[{"embeddable":true,"href":"https:\/\/www.talblick.it\/it\/wp-json\/wp\/v2\/media\/603"}],"wp:attachment":[{"href":"https:\/\/www.talblick.it\/it\/wp-json\/wp\/v2\/media?parent=1382"}],"wp:term":[{"taxonomy":"seite_kategorien","embeddable":true,"href":"https:\/\/www.talblick.it\/it\/wp-json\/wp\/v2\/seite_kategorien?post=1382"}],"curies":[{"name":"wp","href":"https:\/\/api.w.org\/{rel}","templated":true}]}}